{"id":30929,"date":"2025-04-03T11:26:40","date_gmt":"2025-04-03T09:26:40","guid":{"rendered":"https:\/\/app.cmwum.pl\/?page_id=30929"},"modified":"2025-04-04T11:32:12","modified_gmt":"2025-04-04T09:32:12","slug":"e-rejestracja-stm","status":"publish","type":"page","link":"https:\/\/app.cmwum.pl\/index.php\/e-rejestracja-stm\/","title":{"rendered":"e-rejestracja"},"content":{"rendered":"<p>[et_pb_section fb_built=&#8221;1&#8243; admin_label=&#8221;Header Section&#8221; _builder_version=&#8221;4.18.0&#8243; background_color=&#8221;#252e5e&#8221; background_image=&#8221;https:\/\/app.cmwum.pl\/wp-content\/uploads\/2022\/10\/tech-08.png&#8221; custom_padding=&#8221;0px||0px|||&#8221; da_disable_devices=&#8221;off|off|off&#8221; global_colors_info=&#8221;{}&#8221; da_is_popup=&#8221;off&#8221; da_exit_intent=&#8221;off&#8221; da_has_close=&#8221;on&#8221; da_alt_close=&#8221;off&#8221; da_dark_close=&#8221;off&#8221; da_not_modal=&#8221;on&#8221; da_is_singular=&#8221;off&#8221; da_with_loader=&#8221;off&#8221; da_has_shadow=&#8221;on&#8221;][et_pb_row column_structure=&#8221;3_5,2_5&#8243; use_custom_gutter=&#8221;on&#8221; gutter_width=&#8221;2&#8243; make_equal=&#8221;on&#8221; _builder_version=&#8221;4.16&#8243; max_width=&#8221;1280px&#8221; custom_margin=&#8221;|auto|-40px|auto||&#8221; use_custom_width=&#8221;on&#8221; custom_width_px=&#8221;1280px&#8221; locked=&#8221;off&#8221; global_colors_info=&#8221;{}&#8221;][et_pb_column type=&#8221;3_5&#8243; _builder_version=&#8221;4.16&#8243; custom_padding=&#8221;|||&#8221; global_colors_info=&#8221;{}&#8221; custom_padding__hover=&#8221;|||&#8221;][et_pb_text _builder_version=&#8221;4.27.4&#8243; text_font=&#8221;||||||||&#8221; text_line_height=&#8221;1.8em&#8221; ul_font=&#8221;||||||||&#8221; ol_font=&#8221;||||||||&#8221; header_font=&#8221;Work Sans|700|||||||&#8221; header_font_size=&#8221;55px&#8221; header_line_height=&#8221;1.3em&#8221; header_3_font=&#8221;||||||||&#8221; header_4_font=&#8221;||||||||&#8221; header_5_font=&#8221;||||||||&#8221; header_6_font=&#8221;||||||||&#8221; background_layout=&#8221;dark&#8221; custom_padding=&#8221;||10px&#8221; header_font_size_tablet=&#8221;40px&#8221; header_font_size_phone=&#8221;30px&#8221; header_font_size_last_edited=&#8221;on|phone&#8221; border_color_all=&#8221;#ffffff&#8221; border_width_bottom=&#8221;4px&#8221; global_colors_info=&#8221;{}&#8221; header_2_font_size__hover=&#8221;26px&#8221; header_2_font_size__hover_enabled=&#8221;26px&#8221; header_2_letter_spacing__hover=&#8221;0px&#8221; header_2_letter_spacing__hover_enabled=&#8221;0px&#8221; header_2_line_height__hover=&#8221;1em&#8221; header_2_line_height__hover_enabled=&#8221;1em&#8221; header_2_text_shadow_style__hover=&#8221;none&#8221; header_2_text_shadow_style__hover_enabled=&#8221;none&#8221; header_2_text_shadow_color__hover=&#8221;rgba(0,0,0,0.4)&#8221; header_2_text_shadow_color__hover_enabled=&#8221;rgba(0,0,0,0.4)&#8221;]<\/p>\n<h2>e-rejestracja STOMATOLOGIA<\/h2>\n<p>[\/et_pb_text][\/et_pb_column][et_pb_column type=&#8221;2_5&#8243; _builder_version=&#8221;4.16&#8243; custom_padding=&#8221;20px|||&#8221; custom_padding_tablet=&#8221;0px||&#8221; custom_padding_phone=&#8221;&#8221; custom_padding_last_edited=&#8221;on|tablet&#8221; global_colors_info=&#8221;{}&#8221; padding_tablet=&#8221;0px||&#8221; padding_last_edited=&#8221;on|tablet&#8221; custom_padding__hover=&#8221;|||&#8221; padding_phone=&#8221;0px||&#8221;][\/et_pb_column][\/et_pb_row][et_pb_row column_structure=&#8221;1_5,1_5,1_5,1_5,1_5&#8243; use_custom_gutter=&#8221;on&#8221; gutter_width=&#8221;2&#8243; _builder_version=&#8221;4.16&#8243; max_width=&#8221;1280px&#8221; custom_padding=&#8221;27px|0px|0px|0px|false|false&#8221; use_custom_width=&#8221;on&#8221; custom_width_px=&#8221;1280px&#8221; global_colors_info=&#8221;{}&#8221;][et_pb_column type=&#8221;1_5&#8243; _builder_version=&#8221;4.16&#8243; custom_padding=&#8221;|||&#8221; global_colors_info=&#8221;{}&#8221; custom_padding__hover=&#8221;|||&#8221;][et_pb_blurb title=&#8221;POWR\u00d3T&#8221; image_icon_width=&#8221;32px&#8221; _builder_version=&#8221;4.27.4&#8243; header_font=&#8221;Work Sans|600|||||||&#8221; header_font_size=&#8221;14px&#8221; header_line_height=&#8221;1.2em&#8221; body_font=&#8221;||||||||&#8221; body_text_align=&#8221;left&#8221; body_line_height=&#8221;1.8em&#8221; background_color=&#8221;rgba(58,206,216,0.09)&#8221; text_orientation=&#8221;center&#8221; background_layout=&#8221;dark&#8221; custom_margin=&#8221;||40px&#8221; custom_padding=&#8221;40px|10px|30px|10px|false|true&#8221; custom_padding_tablet=&#8221;&#8221; custom_padding_phone=&#8221;20px||10px||false&#8221; custom_padding_last_edited=&#8221;on|phone&#8221; animation_style=&#8221;fold&#8221; animation_delay=&#8221;300ms&#8221; animation=&#8221;off&#8221; link_option_url=&#8221;https:\/\/cmwum.pl\/&#8221; hover_enabled=&#8221;0&#8243; border_radii=&#8221;on|5px|5px|5px|5px&#8221; icon_font_size=&#8221;32px&#8221; global_colors_info=&#8221;{}&#8221; icon_color__hover_enabled=&#8221;on&#8221; icon_color__hover=&#8221;#ffffff&#8221; header_text_color__hover=&#8221;#ffffff&#8221; background_color__hover=&#8221;#30bce6&#8243; background__hover_enabled=&#8221;on|hover&#8221; background_enable_color__hover=&#8221;on&#8221; sticky_enabled=&#8221;0&#8243;][\/et_pb_blurb][\/et_pb_column][et_pb_column type=&#8221;1_5&#8243; _builder_version=&#8221;4.16&#8243; custom_padding=&#8221;|||&#8221; global_colors_info=&#8221;{}&#8221; custom_padding__hover=&#8221;|||&#8221;][\/et_pb_column][et_pb_column type=&#8221;1_5&#8243; _builder_version=&#8221;4.16&#8243; custom_padding=&#8221;|||&#8221; global_colors_info=&#8221;{}&#8221; custom_padding__hover=&#8221;|||&#8221;][\/et_pb_column][et_pb_column type=&#8221;1_5&#8243; _builder_version=&#8221;4.16&#8243; custom_padding=&#8221;|||&#8221; global_colors_info=&#8221;{}&#8221; custom_padding__hover=&#8221;|||&#8221;][\/et_pb_column][et_pb_column type=&#8221;1_5&#8243; _builder_version=&#8221;4.16&#8243; custom_padding=&#8221;|||&#8221; global_colors_info=&#8221;{}&#8221; custom_padding__hover=&#8221;|||&#8221;][\/et_pb_column][\/et_pb_row][\/et_pb_section][et_pb_section fb_built=&#8221;1&#8243; _builder_version=&#8221;4.17.4&#8243; _module_preset=&#8221;default&#8221; da_disable_devices=&#8221;off|off|off&#8221; global_colors_info=&#8221;{}&#8221; da_is_popup=&#8221;off&#8221; da_exit_intent=&#8221;off&#8221; da_has_close=&#8221;on&#8221; da_alt_close=&#8221;off&#8221; da_dark_close=&#8221;off&#8221; da_not_modal=&#8221;on&#8221; da_is_singular=&#8221;off&#8221; da_with_loader=&#8221;off&#8221; da_has_shadow=&#8221;on&#8221;][et_pb_row _builder_version=&#8221;4.17.6&#8243; _module_preset=&#8221;default&#8221; width=&#8221;95%&#8221; max_width=&#8221;1920px&#8221; module_alignment=&#8221;center&#8221; global_colors_info=&#8221;{}&#8221;][et_pb_column type=&#8221;4_4&#8243; _builder_version=&#8221;4.17.4&#8243; _module_preset=&#8221;default&#8221; global_colors_info=&#8221;{}&#8221;][et_pb_code _builder_version=&#8221;4.27.4&#8243; _module_preset=&#8221;default&#8221; global_colors_info=&#8221;{}&#8221;]<div class=\"frm_grid_container with_frm_style frm-grid-view\" style=\"--v-tl-grid-column:span 12\/span 12;grid-gap: 20px 2%;\">\n<div>\n<div class=\"frm_grid_container frm_no_grid_750\">\n<div class=\"frm3\">\n<p><img decoding=\"async\" class=\"aligncenter\" src=\"https:\/\/app.cmwum.pl\/wp-content\/uploads\/formidable\/209\/UCS-2019_08_20-37-1024x683-1-150x150.jpg\" \/><\/p>\n<\/div>\n<div class=\"frm6\">\n<h2>Uniwersyteckie Centrum Stomatologii &#8211; Zak\u0142ad Ortodoncji<\/h2>\n<p>Adres: <\/p>\n<h4>Binieckiego 6, 02-097 Warszawa<\/h4>\n<p>Telefon do rejestracji: <\/p>\n<h4>22 255 7777<\/h4>\n<\/div>\n<div class=\"frm3\"><a class=\"btn btn-primary\" href=\"\/index.php\/e-rejestracja-zapis?id=Uniwersyteckie Centrum Stomatologii - Zak\u0142ad Ortodoncji\">Um\u00f3w si\u0119<\/a><\/div>\n<\/div>\n<\/div>\n<div>\n<div class=\"frm_grid_container frm_no_grid_750\">\n<div class=\"frm3\">\n<p><img decoding=\"async\" class=\"aligncenter\" src=\"https:\/\/app.cmwum.pl\/wp-content\/uploads\/formidable\/209\/UCS-2019_08_20-37-1024x683-1-1-150x150.jpg\" \/><\/p>\n<\/div>\n<div class=\"frm6\">\n<h2>Uniwersyteckie Centrum Stomatologii &#8211; Zak\u0142ad Protetyki<\/h2>\n<p>Adres: <\/p>\n<h4>Binieckiego 6, 02-097 Warszawa<\/h4>\n<p>Telefon do rejestracji: <\/p>\n<h4>22 255 7777<\/h4>\n<\/div>\n<div class=\"frm3\"><a class=\"btn btn-primary\" href=\"\/index.php\/e-rejestracja-zapis?id=Uniwersyteckie Centrum Stomatologii - Zak\u0142ad Protetyki\">Um\u00f3w si\u0119<\/a><\/div>\n<\/div>\n<\/div>\n<div>\n<div class=\"frm_grid_container frm_no_grid_750\">\n<div class=\"frm3\">\n<p><img decoding=\"async\" class=\"aligncenter\" src=\"https:\/\/app.cmwum.pl\/wp-content\/uploads\/formidable\/209\/UCS-2019_08_20-37-1024x683-1-1-1-150x150.jpg\" \/><\/p>\n<\/div>\n<div class=\"frm6\">\n<h2>Uniwersyteckie Centrum Stomatologii &#8211; Zak\u0142ad Protetyki &#8211; DLA \u015aWIADCZENIOBIORC\u00d3W PO CHIRURGICZNYM LECZENIU NOWOTWOR\u00d3W W OBR\u0118BIE TWARZOCZASZKI<\/h2>\n<p>Adres: <\/p>\n<h4>Binieckiego 6, 02-097 Warszawa<\/h4>\n<p>Telefon do rejestracji: <\/p>\n<h4>22 255 7777<\/h4>\n<\/div>\n<div class=\"frm3\"><a class=\"btn btn-primary\" href=\"\/index.php\/e-rejestracja-zapis?id=Uniwersyteckie Centrum Stomatologii - Zak\u0142ad Protetyki - DLA \u015aWIADCZENIOBIORC\u00d3W PO CHIRURGICZNYM LECZENIU NOWOTWOR\u00d3W W OBR\u0118BIE TWARZOCZASZKI\">Um\u00f3w si\u0119<\/a><\/div>\n<\/div>\n<\/div>\n<div>\n<div class=\"frm_grid_container frm_no_grid_750\">\n<div class=\"frm3\">\n<p><img decoding=\"async\" class=\"aligncenter\" src=\"https:\/\/app.cmwum.pl\/wp-content\/uploads\/formidable\/209\/UCS-2019_08_20-37-1024x683-1-2-150x150.jpg\" \/><\/p>\n<\/div>\n<div class=\"frm6\">\n<h2>Uniwersyteckie Centrum Stomatologii &#8211; Zak\u0142ad Ortodoncji &#8211; PROGRAM ORTODONTYCZNEJ OPIEKI NAD DZIE\u0106MI Z WRODZONYMI WADAMI CZ\u0118\u015aCI TWARZOWEJ CZASZKI<\/h2>\n<p>Adres: <\/p>\n<h4>Binieckiego 6, 02-097 Warszawa<\/h4>\n<p>Telefon do rejestracji: <\/p>\n<h4>22 255 7777<\/h4>\n<\/div>\n<div class=\"frm3\"><a class=\"btn btn-primary\" href=\"\/index.php\/e-rejestracja-zapis?id=Uniwersyteckie Centrum Stomatologii - Zak\u0142ad Ortodoncji - PROGRAM ORTODONTYCZNEJ OPIEKI NAD DZIE\u0106MI Z WRODZONYMI WADAMI CZ\u0118\u015aCI TWARZOWEJ CZASZKI\">Um\u00f3w si\u0119<\/a><\/div>\n<\/div>\n<\/div>\n<div>\n<div class=\"frm_grid_container frm_no_grid_750\">\n<div class=\"frm3\">\n<p><img decoding=\"async\" class=\"aligncenter\" src=\"https:\/\/app.cmwum.pl\/wp-content\/uploads\/formidable\/209\/UCS-2019_08_20-37-1024x683-1-2-1-150x150.jpg\" \/><\/p>\n<\/div>\n<div class=\"frm6\">\n<h2>Uniwersyteckie Centrum Stomatologii &#8211; Zak\u0142ad Chirurgii Stomatologicznej<\/h2>\n<p>Adres: <\/p>\n<h4>Binieckiego 6, 02-097 Warszawa<\/h4>\n<p>Telefon do rejestracji: <\/p>\n<h4>22 255 7777<\/h4>\n<\/div>\n<div class=\"frm3\"><a class=\"btn btn-primary\" href=\"\/index.php\/e-rejestracja-zapis?id=Uniwersyteckie Centrum Stomatologii - Zak\u0142ad Chirurgii Stomatologicznej\">Um\u00f3w si\u0119<\/a><\/div>\n<\/div>\n<\/div>\n<div>\n<div class=\"frm_grid_container frm_no_grid_750\">\n<div class=\"frm3\">\n<p><img decoding=\"async\" class=\"aligncenter\" src=\"https:\/\/app.cmwum.pl\/wp-content\/uploads\/formidable\/209\/UCS-2019_08_20-37-1024x683-1-2-1-1-150x150.jpg\" \/><\/p>\n<\/div>\n<div class=\"frm6\">\n<h2>Uniwersyteckie Centrum Stomatologii &#8211; Zak\u0142ad Chor\u00f3b B\u0142ony \u015aluzowej i Przyz\u0119bia<\/h2>\n<p>Adres: <\/p>\n<h4>Binieckiego 6, 02-097 Warszawa<\/h4>\n<p>Telefon do rejestracji: <\/p>\n<h4>22 255 7777<\/h4>\n<\/div>\n<div class=\"frm3\"><a class=\"btn btn-primary\" href=\"\/index.php\/e-rejestracja-zapis?id=Uniwersyteckie Centrum Stomatologii - Zak\u0142ad Chor\u00f3b B\u0142ony \u015aluzowej i Przyz\u0119bia\">Um\u00f3w si\u0119<\/a><\/div>\n<\/div>\n<\/div>\n<div>\n<div class=\"frm_grid_container frm_no_grid_750\">\n<div class=\"frm3\">\n<p><img decoding=\"async\" class=\"aligncenter\" src=\"https:\/\/app.cmwum.pl\/wp-content\/uploads\/formidable\/209\/ep-150x150.png\" \/><\/p>\n<\/div>\n<div class=\"frm6\">\n<h2>Oddzia\u0142 Stomatologii &#8211; Poradnia Ortodoncji<\/h2>\n<p>Adres: <\/p>\n<h4>Emilii Plater 21, III pi\u0119tro, 00-688 Warszawa<\/h4>\n<p>Telefon do rejestracji: <\/p>\n<h4>22 255 7777<\/h4>\n<\/div>\n<div class=\"frm3\"><a class=\"btn btn-primary\" href=\"\/index.php\/e-rejestracja-zapis?id=Oddzia\u0142 Stomatologii - Poradnia Ortodoncji\">Um\u00f3w si\u0119<\/a><\/div>\n<\/div>\n<\/div>\n<div>\n<div class=\"frm_grid_container frm_no_grid_750\">\n<div class=\"frm3\">\n<p><img decoding=\"async\" class=\"aligncenter\" src=\"https:\/\/app.cmwum.pl\/wp-content\/uploads\/formidable\/209\/ep-1-150x150.png\" \/><\/p>\n<\/div>\n<div class=\"frm6\">\n<h2>Oddzia\u0142 Stomatologii &#8211; Poradnia Protetyki<\/h2>\n<p>Adres: <\/p>\n<h4>Emilii Plater 21, III pi\u0119tro, 00-688 Warszawa<\/h4>\n<p>Telefon do rejestracji: <\/p>\n<h4>22 255 7777<\/h4>\n<\/div>\n<div class=\"frm3\"><a class=\"btn btn-primary\" href=\"\/index.php\/e-rejestracja-zapis?id=Oddzia\u0142 Stomatologii - Poradnia Protetyki\">Um\u00f3w si\u0119<\/a><\/div>\n<\/div>\n<\/div>\n<div>\n<div class=\"frm_grid_container frm_no_grid_750\">\n<div class=\"frm3\">\n<p><img decoding=\"async\" class=\"aligncenter\" src=\"https:\/\/app.cmwum.pl\/wp-content\/uploads\/formidable\/209\/ep-1-1-150x150.png\" \/><\/p>\n<\/div>\n<div class=\"frm6\">\n<h2>Oddzia\u0142 Stomatologii &#8211; Poradnia Stomatologiczna<\/h2>\n<p>Adres: <\/p>\n<h4>Emilii Plater 21, III pi\u0119tro, 00-688 Warszawa<\/h4>\n<p>Telefon do rejestracji: <\/p>\n<h4>22 255 7777<\/h4>\n<\/div>\n<div class=\"frm3\"><a class=\"btn btn-primary\" href=\"\/index.php\/e-rejestracja-zapis?id=Oddzia\u0142 Stomatologii - Poradnia Stomatologiczna\">Um\u00f3w si\u0119<\/a><\/div>\n<\/div>\n<\/div>\n<div>\n<div class=\"frm_grid_container frm_no_grid_750\">\n<div class=\"frm3\">\n<p><img decoding=\"async\" class=\"aligncenter\" src=\"https:\/\/app.cmwum.pl\/wp-content\/uploads\/formidable\/209\/ep-1-1-1-150x150.png\" \/><\/p>\n<\/div>\n<div class=\"frm6\">\n<h2>Oddzia\u0142 Stomatologii &#8211; Poradnia Chirurgii Stomatologicznej<\/h2>\n<p>Adres: <\/p>\n<h4>Emilii Plater 21, III pi\u0119tro, 00-688 Warszawa<\/h4>\n<p>Telefon do rejestracji: <\/p>\n<h4>22 255 7777<\/h4>\n<\/div>\n<div class=\"frm3\"><a class=\"btn btn-primary\" href=\"\/index.php\/e-rejestracja-zapis?id=Oddzia\u0142 Stomatologii - Poradnia Chirurgii Stomatologicznej\">Um\u00f3w si\u0119<\/a><\/div>\n<\/div>\n<\/div>\n<div>\n<div class=\"frm_grid_container frm_no_grid_750\">\n<div class=\"frm3\">\n<p><img decoding=\"async\" class=\"aligncenter\" src=\"https:\/\/app.cmwum.pl\/wp-content\/uploads\/formidable\/209\/ep-1-1-1-1-150x150.png\" \/><\/p>\n<\/div>\n<div class=\"frm6\">\n<h2>Oddzia\u0142 Stomatologii &#8211; Poradnia Stomatologii Dzieci\u0119cej<\/h2>\n<p>Adres: <\/p>\n<h4>Emilii Plater 21, III pi\u0119tro, 00-688 Warszawa<\/h4>\n<p>Telefon do rejestracji: <\/p>\n<h4>22 255 7777<\/h4>\n<\/div>\n<div class=\"frm3\"><a class=\"btn btn-primary\" href=\"\/index.php\/e-rejestracja-zapis?id=Oddzia\u0142 Stomatologii - Poradnia Stomatologii Dzieci\u0119cej\">Um\u00f3w si\u0119<\/a><\/div>\n<\/div>\n<\/div>\n<\/div>\n[\/et_pb_code][\/et_pb_column][\/et_pb_row][\/et_pb_section]<\/p>\n","protected":false},"excerpt":{"rendered":"<p>e-rejestracja STOMATOLOGIA<div class=\"frm_grid_container with_frm_style frm-grid-view\" style=\"--v-tl-grid-column:span 12\/span 12;grid-gap: 20px 2%;\">\n<div>\n<div class=\"frm_grid_container frm_no_grid_750\">\n<div class=\"frm3\">\n<p><img decoding=\"async\" class=\"aligncenter\" src=\"https:\/\/app.cmwum.pl\/wp-content\/uploads\/formidable\/209\/UCS-2019_08_20-37-1024x683-1-150x150.jpg\" \/><\/p>\n<\/div>\n<div class=\"frm6\">\n<h2>Uniwersyteckie Centrum Stomatologii &#8211; Zak\u0142ad Ortodoncji<\/h2>\n<p>Adres: <\/p>\n<h4>Binieckiego 6, 02-097 Warszawa<\/h4>\n<p>Telefon do rejestracji: <\/p>\n<h4>22 255 7777<\/h4>\n<\/div>\n<div class=\"frm3\"><a class=\"btn btn-primary\" href=\"\/index.php\/e-rejestracja-zapis?id=Uniwersyteckie Centrum Stomatologii - Zak\u0142ad Ortodoncji\">Um\u00f3w si\u0119<\/a><\/div>\n<\/div>\n<\/div>\n<div>\n<div class=\"frm_grid_container frm_no_grid_750\">\n<div class=\"frm3\">\n<p><img decoding=\"async\" class=\"aligncenter\" src=\"https:\/\/app.cmwum.pl\/wp-content\/uploads\/formidable\/209\/UCS-2019_08_20-37-1024x683-1-1-150x150.jpg\" \/><\/p>\n<\/div>\n<div class=\"frm6\">\n<h2>Uniwersyteckie Centrum Stomatologii &#8211; Zak\u0142ad Protetyki<\/h2>\n<p>Adres: <\/p>\n<h4>Binieckiego 6, 02-097 Warszawa<\/h4>\n<p>Telefon do rejestracji: <\/p>\n<h4>22 255 7777<\/h4>\n<\/div>\n<div class=\"frm3\"><a class=\"btn btn-primary\" href=\"\/index.php\/e-rejestracja-zapis?id=Uniwersyteckie Centrum Stomatologii - Zak\u0142ad Protetyki\">Um\u00f3w si\u0119<\/a><\/div>\n<\/div>\n<\/div>\n<div>\n<div class=\"frm_grid_container frm_no_grid_750\">\n<div class=\"frm3\">\n<p><img decoding=\"async\" class=\"aligncenter\" src=\"https:\/\/app.cmwum.pl\/wp-content\/uploads\/formidable\/209\/UCS-2019_08_20-37-1024x683-1-1-1-150x150.jpg\" \/><\/p>\n<\/div>\n<div class=\"frm6\">\n<h2>Uniwersyteckie Centrum Stomatologii &#8211; Zak\u0142ad Protetyki &#8211; DLA \u015aWIADCZENIOBIORC\u00d3W PO CHIRURGICZNYM LECZENIU NOWOTWOR\u00d3W W OBR\u0118BIE TWARZOCZASZKI<\/h2>\n<p>Adres: <\/p>\n<h4>Binieckiego 6, 02-097 Warszawa<\/h4>\n<p>Telefon do rejestracji: <\/p>\n<h4>22 255 7777<\/h4>\n<\/div>\n<div class=\"frm3\"><a class=\"btn btn-primary\" href=\"\/index.php\/e-rejestracja-zapis?id=Uniwersyteckie Centrum Stomatologii - Zak\u0142ad Protetyki - DLA \u015aWIADCZENIOBIORC\u00d3W PO CHIRURGICZNYM LECZENIU NOWOTWOR\u00d3W W OBR\u0118BIE TWARZOCZASZKI\">Um\u00f3w si\u0119<\/a><\/div>\n<\/div>\n<\/div>\n<div>\n<div class=\"frm_grid_container frm_no_grid_750\">\n<div class=\"frm3\">\n<p><img decoding=\"async\" class=\"aligncenter\" src=\"https:\/\/app.cmwum.pl\/wp-content\/uploads\/formidable\/209\/UCS-2019_08_20-37-1024x683-1-2-150x150.jpg\" \/><\/p>\n<\/div>\n<div class=\"frm6\">\n<h2>Uniwersyteckie Centrum Stomatologii &#8211; Zak\u0142ad Ortodoncji &#8211; PROGRAM ORTODONTYCZNEJ OPIEKI NAD DZIE\u0106MI Z WRODZONYMI WADAMI CZ\u0118\u015aCI TWARZOWEJ CZASZKI<\/h2>\n<p>Adres: <\/p>\n<h4>Binieckiego 6, 02-097 Warszawa<\/h4>\n<p>Telefon do rejestracji: <\/p>\n<h4>22 255 7777<\/h4>\n<\/div>\n<div class=\"frm3\"><a class=\"btn btn-primary\" href=\"\/index.php\/e-rejestracja-zapis?id=Uniwersyteckie Centrum Stomatologii - Zak\u0142ad Ortodoncji - PROGRAM ORTODONTYCZNEJ OPIEKI NAD DZIE\u0106MI Z WRODZONYMI WADAMI CZ\u0118\u015aCI TWARZOWEJ CZASZKI\">Um\u00f3w si\u0119<\/a><\/div>\n<\/div>\n<\/div>\n<div>\n<div class=\"frm_grid_container frm_no_grid_750\">\n<div class=\"frm3\">\n<p><img decoding=\"async\" class=\"aligncenter\" src=\"https:\/\/app.cmwum.pl\/wp-content\/uploads\/formidable\/209\/UCS-2019_08_20-37-1024x683-1-2-1-150x150.jpg\" \/><\/p>\n<\/div>\n<div class=\"frm6\">\n<h2>Uniwersyteckie Centrum Stomatologii &#8211; Zak\u0142ad Chirurgii Stomatologicznej<\/h2>\n<p>Adres: <\/p>\n<h4>Binieckiego 6, 02-097 Warszawa<\/h4>\n<p>Telefon do rejestracji: <\/p>\n<h4>22 255 7777<\/h4>\n<\/div>\n<div class=\"frm3\"><a class=\"btn btn-primary\" href=\"\/index.php\/e-rejestracja-zapis?id=Uniwersyteckie Centrum Stomatologii - Zak\u0142ad Chirurgii Stomatologicznej\">Um\u00f3w si\u0119<\/a><\/div>\n<\/div>\n<\/div>\n<div>\n<div class=\"frm_grid_container frm_no_grid_750\">\n<div class=\"frm3\">\n<p><img decoding=\"async\" class=\"aligncenter\" src=\"https:\/\/app.cmwum.pl\/wp-content\/uploads\/formidable\/209\/UCS-2019_08_20-37-1024x683-1-2-1-1-150x150.jpg\" \/><\/p>\n<\/div>\n<div class=\"frm6\">\n<h2>Uniwersyteckie Centrum Stomatologii &#8211; Zak\u0142ad Chor\u00f3b B\u0142ony \u015aluzowej i Przyz\u0119bia<\/h2>\n<p>Adres: <\/p>\n<h4>Binieckiego 6, 02-097 Warszawa<\/h4>\n<p>Telefon do rejestracji: <\/p>\n<h4>22 255 7777<\/h4>\n<\/div>\n<div class=\"frm3\"><a class=\"btn btn-primary\" href=\"\/index.php\/e-rejestracja-zapis?id=Uniwersyteckie Centrum Stomatologii - Zak\u0142ad Chor\u00f3b B\u0142ony \u015aluzowej i Przyz\u0119bia\">Um\u00f3w si\u0119<\/a><\/div>\n<\/div>\n<\/div>\n<div>\n<div class=\"frm_grid_container frm_no_grid_750\">\n<div class=\"frm3\">\n<p><img decoding=\"async\" class=\"aligncenter\" src=\"https:\/\/app.cmwum.pl\/wp-content\/uploads\/formidable\/209\/ep-150x150.png\" \/><\/p>\n<\/div>\n<div class=\"frm6\">\n<h2>Oddzia\u0142 Stomatologii &#8211; Poradnia Ortodoncji<\/h2>\n<p>Adres: <\/p>\n<h4>Emilii Plater 21, III pi\u0119tro, 00-688 Warszawa<\/h4>\n<p>Telefon do rejestracji: <\/p>\n<h4>22 255 7777<\/h4>\n<\/div>\n<div class=\"frm3\"><a class=\"btn btn-primary\" href=\"\/index.php\/e-rejestracja-zapis?id=Oddzia\u0142 Stomatologii - Poradnia Ortodoncji\">Um\u00f3w si\u0119<\/a><\/div>\n<\/div>\n<\/div>\n<div>\n<div class=\"frm_grid_container frm_no_grid_750\">\n<div class=\"frm3\">\n<p><img decoding=\"async\" class=\"aligncenter\" src=\"https:\/\/app.cmwum.pl\/wp-content\/uploads\/formidable\/209\/ep-1-150x150.png\" \/><\/p>\n<\/div>\n<div class=\"frm6\">\n<h2>Oddzia\u0142 Stomatologii &#8211; Poradnia Protetyki<\/h2>\n<p>Adres: <\/p>\n<h4>Emilii Plater 21, III pi\u0119tro, 00-688 Warszawa<\/h4>\n<p>Telefon do rejestracji: <\/p>\n<h4>22 255 7777<\/h4>\n<\/div>\n<div class=\"frm3\"><a class=\"btn btn-primary\" href=\"\/index.php\/e-rejestracja-zapis?id=Oddzia\u0142 Stomatologii - Poradnia Protetyki\">Um\u00f3w si\u0119<\/a><\/div>\n<\/div>\n<\/div>\n<div>\n<div class=\"frm_grid_container frm_no_grid_750\">\n<div class=\"frm3\">\n<p><img decoding=\"async\" class=\"aligncenter\" src=\"https:\/\/app.cmwum.pl\/wp-content\/uploads\/formidable\/209\/ep-1-1-150x150.png\" \/><\/p>\n<\/div>\n<div class=\"frm6\">\n<h2>Oddzia\u0142 Stomatologii &#8211; Poradnia Stomatologiczna<\/h2>\n<p>Adres: <\/p>\n<h4>Emilii Plater 21, III pi\u0119tro, 00-688 Warszawa<\/h4>\n<p>Telefon do rejestracji: <\/p>\n<h4>22 255 7777<\/h4>\n<\/div>\n<div class=\"frm3\"><a class=\"btn btn-primary\" href=\"\/index.php\/e-rejestracja-zapis?id=Oddzia\u0142 Stomatologii - Poradnia Stomatologiczna\">Um\u00f3w si\u0119<\/a><\/div>\n<\/div>\n<\/div>\n<div>\n<div class=\"frm_grid_container frm_no_grid_750\">\n<div class=\"frm3\">\n<p><img decoding=\"async\" class=\"aligncenter\" src=\"https:\/\/app.cmwum.pl\/wp-content\/uploads\/formidable\/209\/ep-1-1-1-150x150.png\" \/><\/p>\n<\/div>\n<div class=\"frm6\">\n<h2>Oddzia\u0142 Stomatologii &#8211; Poradnia Chirurgii Stomatologicznej<\/h2>\n<p>Adres: <\/p>\n<h4>Emilii Plater 21, III pi\u0119tro, 00-688 Warszawa<\/h4>\n<p>Telefon do rejestracji: <\/p>\n<h4>22 255 7777<\/h4>\n<\/div>\n<div class=\"frm3\"><a class=\"btn btn-primary\" href=\"\/index.php\/e-rejestracja-zapis?id=Oddzia\u0142 Stomatologii - Poradnia Chirurgii Stomatologicznej\">Um\u00f3w si\u0119<\/a><\/div>\n<\/div>\n<\/div>\n<div>\n<div class=\"frm_grid_container frm_no_grid_750\">\n<div class=\"frm3\">\n<p><img decoding=\"async\" class=\"aligncenter\" src=\"https:\/\/app.cmwum.pl\/wp-content\/uploads\/formidable\/209\/ep-1-1-1-1-150x150.png\" \/><\/p>\n<\/div>\n<div class=\"frm6\">\n<h2>Oddzia\u0142 Stomatologii &#8211; Poradnia Stomatologii Dzieci\u0119cej<\/h2>\n<p>Adres: <\/p>\n<h4>Emilii Plater 21, III pi\u0119tro, 00-688 Warszawa<\/h4>\n<p>Telefon do rejestracji: <\/p>\n<h4>22 255 7777<\/h4>\n<\/div>\n<div class=\"frm3\"><a class=\"btn btn-primary\" href=\"\/index.php\/e-rejestracja-zapis?id=Oddzia\u0142 Stomatologii - Poradnia Stomatologii Dzieci\u0119cej\">Um\u00f3w si\u0119<\/a><\/div>\n<\/div>\n<\/div>\n<\/div>\n<\/p>\n","protected":false},"author":2,"featured_media":0,"parent":0,"menu_order":0,"comment_status":"closed","ping_status":"closed","template":"","meta":{"_et_pb_use_builder":"on","_et_pb_old_content":"","_et_gb_content_width":"","footnotes":""},"class_list":["post-30929","page","type-page","status-publish","hentry"],"_links":{"self":[{"href":"https:\/\/app.cmwum.pl\/index.php\/wp-json\/wp\/v2\/pages\/30929","targetHints":{"allow":["GET"]}}],"collection":[{"href":"https:\/\/app.cmwum.pl\/index.php\/wp-json\/wp\/v2\/pages"}],"about":[{"href":"https:\/\/app.cmwum.pl\/index.php\/wp-json\/wp\/v2\/types\/page"}],"author":[{"embeddable":true,"href":"https:\/\/app.cmwum.pl\/index.php\/wp-json\/wp\/v2\/users\/2"}],"replies":[{"embeddable":true,"href":"https:\/\/app.cmwum.pl\/index.php\/wp-json\/wp\/v2\/comments?post=30929"}],"version-history":[{"count":6,"href":"https:\/\/app.cmwum.pl\/index.php\/wp-json\/wp\/v2\/pages\/30929\/revisions"}],"predecessor-version":[{"id":31041,"href":"https:\/\/app.cmwum.pl\/index.php\/wp-json\/wp\/v2\/pages\/30929\/revisions\/31041"}],"wp:attachment":[{"href":"https:\/\/app.cmwum.pl\/index.php\/wp-json\/wp\/v2\/media?parent=30929"}],"curies":[{"name":"wp","href":"https:\/\/api.w.org\/{rel}","templated":true}]}}